{"id":25644,"date":"2021-06-29T15:01:24","date_gmt":"2021-06-29T13:01:24","guid":{"rendered":"https:\/\/marietrappl.staging.raidberry.com\/?page_id=25644"},"modified":"2023-12-15T10:52:31","modified_gmt":"2023-12-15T09:52:31","slug":"ueber-mich","status":"publish","type":"page","link":"https:\/\/www.marietrappl.com\/en\/ueber-mich\/","title":{"rendered":"About me"},"content":{"rendered":"<h2>About me<\/h2>\t\t\t\n\t<p>University graduate in Philosophy, solution-focused systemic coach, talent developer, professional speaker and narrator as well as counselor with profound management experience in communication and organization in international education and science management.<\/p>\n\t\t\t\t<img decoding=\"async\" src=\"http:\/\/marietrappl.com\/wp-content\/uploads\/2021\/09\/Ueber_Marie_Trappl_portrait.jpeg\" alt=\"Ueber_Marie_Trappl_portrait\" itemprop=\"image\" title=\"Ueber_Marie_Trappl_portrait\" onerror=\"this.style.display='none'\"  \/>\n\t\t\t\t<img loading=\"lazy\" decoding=\"async\" src=\"https:\/\/www.marietrappl.com\/wp-content\/uploads\/2021\/10\/icon_citation_oben.png\" alt=\"icon_citation_oben\" itemprop=\"image\" height=\"90\" width=\"101\" title=\"icon_citation_oben\" onerror=\"this.style.display='none'\"  \/>\n\tAs director of an academic exchange program with the US for many years, event manager at an international research institute, manager of a training program for senior scientists and an EMBA for executives, I have extensive experience in the scientific and economic sector.<br \/>\nIn my more than 17 years of professional experience in international institutions I developed an awareness for intercultural factors.<br \/>\nI am particularly interested in personal development, facilitating decision-making processes, crisis support, dealing with interpersonal conflicts, career orientation and expat coaching.\n\t\t\t\t<img loading=\"lazy\" decoding=\"async\" src=\"https:\/\/www.marietrappl.com\/wp-content\/uploads\/2021\/10\/icon_citation_unten.png\" alt=\"icon_citation_unten\" itemprop=\"image\" height=\"90\" width=\"101\" title=\"icon_citation_unten\" onerror=\"this.style.display='none'\"  \/>\n<h4>\n\t\tProfessional Background\n\t<\/h4>\n\t<ul>\n<li>Personnel development at the University of Vienna<\/li>\n<li>Management of the Alumni Services department at the Vienna University of Economics and Business (WU Wien)<\/li>\n<li>Senior Program Management Executive Master of Business Administration at the Central European University (CEU)<\/li>\n<li>Program Management Research and Development for Industry in the Austrian Research Promotion Agency (FFG)<\/li>\n<li>Program Management Lab for Open Innovation in Science of the Ludwig Boltzmann Society (LBG)<\/li>\n<li>Academic Affairs and Event Management at the Institute of Science and Technology (IST) Austria<\/li>\n<li>Directing the Central College Vienna Study Program<\/li>\n<li>Freelance writing and internships for ORF, Der Standard, FM5, Puls TV<\/li>\n<\/ul>\n<h4>\n\t\tEducation and Training\n\t<\/h4>\n\t<ul>\n<li>Master of Arts in Philosophy (minor Psychology), University of Vienna and University of Illinois at Urbana-Champaign<\/li>\n<li>Life Coaching and Social Counseling, Kepos (distinction)<\/li>\n<li>Diploma for Professional Narrating, Schule des Sprechens (distinction)<\/li>\n<li>Gender and Diversity Management, Integrationswerkstatt and WIFI Vienna<\/li>\n<li>Systemic Solution-Oriented Coaching, Systworks<\/li>\n<li>Supervision for Life Coaches and Counselors, Kepos (distinction)<\/li>\n<li>Training in Adult Education, Kepos (distinction)<\/li>\n<li>Mediation in Civil Law Matters, Kepos (completion 2024)<\/li>\n<li>Postgraduate University Course in Project Management per IPMA, Karl-Franzens University (distinction)<\/li>\n<li>Content Management, Web Design and Multimedia, Sternenstaub<\/li>\n<li>Divemaster, Professional Association Of Diving Instructors (PADI)<\/li>\n<\/ul>\n<h4>\n\t\tVoluntary work\n\t<\/h4>\n\t<ul>\n<li>Organizational Change Management for Journey to Tarab, Vienna\n<\/li><li>\n<\/li><li>Project Management Consulting for projects in higher education for Ashoka and Social Impact Award, Vienna<\/li>\n<li>Event Management Consultancy for SozialMarie of Unruhe Stiftung, Vienna<\/li>\n<li>Coaching f\u00fcr Mitarbeiter:innen von Hemayat &#8211; Betreuungszentrum fu\u0308r Folter- und Kriegsu\u0308berlebende und Arbeitssuchende, Wien<\/li>\n<li>Research diving and community teaching for Barefoot Conservation, Indonesia<\/li>\n<li>Surveying the Mesoamerican reef for Reef Conservation International, Belize<\/li>\n<li>Animal care at a shelter for stray animals for Vieques Humane Society, Puerto Rico<\/li>\n\n<\/ul>\n<ul>\n\n<\/ul>\n<p>&nbsp;<\/p>\n<h4>\n\t\tLanguages\n\t<\/h4>\n\t<p>German, English, Spanish, French, Basic Italian<\/p>","protected":false},"excerpt":{"rendered":"<p>\u00dcber mich Diplomierte Philosophin, systemisch-l\u00f6sungsorientierte Coachin, psychosoziale Beraterin, Hochschulpersonalentwicklerin sowie professionelle Sprecherin mit fundierter Leitungserfahrung im Bereich der Kommunikation und Organisation im internationalen Bildungs- und Wissenschaftsmanagement. Als langj\u00e4hrige Leiterin eines akademischen Austauschprogrammes mit den USA, Event Managerin an einem internationalen Forschungsinstitut, Leiterin eines Ausbildungsprogrammes f\u00fcr Wissenschaftler:innen in F\u00fchrungspositionen sowie eines Executive Master Studienganges f\u00fcr F\u00fchrungskr\u00e4fte &hellip;<\/p>\n<p class=\"read-more\"> <a class=\"\" href=\"https:\/\/www.marietrappl.com\/en\/ueber-mich\/\"> <span class=\"screen-reader-text\">About me<\/span> Read More &raquo;<\/a><\/p>","protected":false},"author":1,"featured_media":0,"parent":0,"menu_order":0,"comment_status":"closed","ping_status":"closed","template":"","meta":{"site-sidebar-layout":"no-sidebar","site-content-layout":"page-builder","ast-global-header-display":"","ast-main-header-display":"","ast-hfb-above-header-display":"","ast-hfb-below-header-display":"","ast-hfb-mobile-header-display":"","site-post-title":"disabled","ast-breadcrumbs-content":"","ast-featured-img":"disabled","footer-sml-layout":"","theme-transparent-header-meta":"enabled","adv-header-id-meta":"","stick-header-meta":"","header-above-stick-meta":"","header-main-stick-meta":"","header-below-stick-meta":"","footnotes":""},"class_list":["post-25644","page","type-page","status-publish","hentry"],"yoast_head":"<!-- This site is optimized with the Yoast SEO plugin v27.4 - https:\/\/yoast.com\/product\/yoast-seo-wordpress\/ -->\n<title>\u00dcber mich - Marie Trappl<\/title>\n<meta name=\"description\" content=\"Diplomierte Philosophin, systemisch-l\u00f6sungsorientierte Coachin, professionelle Sprecherin und mehr.\" \/>\n<meta name=\"robots\" content=\"index, follow, max-snippet:-1, max-image-preview:large, max-video-preview:-1\" \/>\n<link rel=\"canonical\" href=\"https:\/\/www.marietrappl.com\/en\/ueber-mich\/\" \/>\n<meta property=\"og:locale\" content=\"en_GB\" \/>\n<meta property=\"og:type\" content=\"article\" \/>\n<meta property=\"og:title\" content=\"\u00dcber mich - Marie Trappl\" \/>\n<meta property=\"og:description\" content=\"Diplomierte Philosophin, systemisch-l\u00f6sungsorientierte Coachin, professionelle Sprecherin und mehr.\" \/>\n<meta property=\"og:url\" content=\"https:\/\/www.marietrappl.com\/en\/ueber-mich\/\" \/>\n<meta property=\"og:site_name\" content=\"Marie Trappl\" \/>\n<meta property=\"article:modified_time\" content=\"2023-12-15T09:52:31+00:00\" \/>\n<meta property=\"og:image\" content=\"http:\/\/marietrappl.com\/wp-content\/uploads\/2021\/09\/Ueber_Marie_Trappl_portrait.jpeg\" \/>\n<meta name=\"twitter:card\" content=\"summary_large_image\" \/>\n<meta name=\"twitter:label1\" content=\"Estimated reading time\" \/>\n\t<meta name=\"twitter:data1\" content=\"2 minutes\" \/>\n<script type=\"application\/ld+json\" class=\"yoast-schema-graph\">{\"@context\":\"https:\\\/\\\/schema.org\",\"@graph\":[{\"@type\":\"WebPage\",\"@id\":\"https:\\\/\\\/www.marietrappl.com\\\/ueber-mich\\\/\",\"url\":\"https:\\\/\\\/www.marietrappl.com\\\/ueber-mich\\\/\",\"name\":\"\u00dcber mich - Marie Trappl\",\"isPartOf\":{\"@id\":\"https:\\\/\\\/www.marietrappl.com\\\/#website\"},\"primaryImageOfPage\":{\"@id\":\"https:\\\/\\\/www.marietrappl.com\\\/ueber-mich\\\/#primaryimage\"},\"image\":{\"@id\":\"https:\\\/\\\/www.marietrappl.com\\\/ueber-mich\\\/#primaryimage\"},\"thumbnailUrl\":\"http:\\\/\\\/marietrappl.com\\\/wp-content\\\/uploads\\\/2021\\\/09\\\/Ueber_Marie_Trappl_portrait.jpeg\",\"datePublished\":\"2021-06-29T13:01:24+00:00\",\"dateModified\":\"2023-12-15T09:52:31+00:00\",\"description\":\"Diplomierte Philosophin, systemisch-l\u00f6sungsorientierte Coachin, professionelle Sprecherin und mehr.\",\"breadcrumb\":{\"@id\":\"https:\\\/\\\/www.marietrappl.com\\\/ueber-mich\\\/#breadcrumb\"},\"inLanguage\":\"en-GB\",\"potentialAction\":[{\"@type\":\"ReadAction\",\"target\":[\"https:\\\/\\\/www.marietrappl.com\\\/ueber-mich\\\/\"]}]},{\"@type\":\"ImageObject\",\"inLanguage\":\"en-GB\",\"@id\":\"https:\\\/\\\/www.marietrappl.com\\\/ueber-mich\\\/#primaryimage\",\"url\":\"http:\\\/\\\/marietrappl.com\\\/wp-content\\\/uploads\\\/2021\\\/09\\\/Ueber_Marie_Trappl_portrait.jpeg\",\"contentUrl\":\"http:\\\/\\\/marietrappl.com\\\/wp-content\\\/uploads\\\/2021\\\/09\\\/Ueber_Marie_Trappl_portrait.jpeg\"},{\"@type\":\"BreadcrumbList\",\"@id\":\"https:\\\/\\\/www.marietrappl.com\\\/ueber-mich\\\/#breadcrumb\",\"itemListElement\":[{\"@type\":\"ListItem\",\"position\":1,\"name\":\"Home\",\"item\":\"https:\\\/\\\/www.marietrappl.com\\\/\"},{\"@type\":\"ListItem\",\"position\":2,\"name\":\"\u00dcber mich\"}]},{\"@type\":\"WebSite\",\"@id\":\"https:\\\/\\\/www.marietrappl.com\\\/#website\",\"url\":\"https:\\\/\\\/www.marietrappl.com\\\/\",\"name\":\"Marie Trappl\",\"description\":\"Beratung | Coaching | Training\",\"publisher\":{\"@id\":\"https:\\\/\\\/www.marietrappl.com\\\/#\\\/schema\\\/person\\\/2d7fa98f004bd70d95c6191ca2c30b8e\"},\"potentialAction\":[{\"@type\":\"SearchAction\",\"target\":{\"@type\":\"EntryPoint\",\"urlTemplate\":\"https:\\\/\\\/www.marietrappl.com\\\/?s={search_term_string}\"},\"query-input\":{\"@type\":\"PropertyValueSpecification\",\"valueRequired\":true,\"valueName\":\"search_term_string\"}}],\"inLanguage\":\"en-GB\"},{\"@type\":[\"Person\",\"Organization\"],\"@id\":\"https:\\\/\\\/www.marietrappl.com\\\/#\\\/schema\\\/person\\\/2d7fa98f004bd70d95c6191ca2c30b8e\",\"name\":\"Marie\",\"image\":{\"@type\":\"ImageObject\",\"inLanguage\":\"en-GB\",\"@id\":\"https:\\\/\\\/www.marietrappl.com\\\/wp-content\\\/uploads\\\/2021\\\/06\\\/MT_Logo_Long_DE_RGB.png\",\"url\":\"https:\\\/\\\/www.marietrappl.com\\\/wp-content\\\/uploads\\\/2021\\\/06\\\/MT_Logo_Long_DE_RGB.png\",\"contentUrl\":\"https:\\\/\\\/www.marietrappl.com\\\/wp-content\\\/uploads\\\/2021\\\/06\\\/MT_Logo_Long_DE_RGB.png\",\"width\":1338,\"height\":210,\"caption\":\"Marie\"},\"logo\":{\"@id\":\"https:\\\/\\\/www.marietrappl.com\\\/wp-content\\\/uploads\\\/2021\\\/06\\\/MT_Logo_Long_DE_RGB.png\"}}]}<\/script>\n<!-- \/ Yoast SEO plugin. -->","yoast_head_json":{"title":"\u00dcber mich - Marie Trappl","description":"Diplomierte Philosophin, systemisch-l\u00f6sungsorientierte Coachin, professionelle Sprecherin und mehr.","robots":{"index":"index","follow":"follow","max-snippet":"max-snippet:-1","max-image-preview":"max-image-preview:large","max-video-preview":"max-video-preview:-1"},"canonical":"https:\/\/www.marietrappl.com\/en\/ueber-mich\/","og_locale":"en_GB","og_type":"article","og_title":"\u00dcber mich - Marie Trappl","og_description":"Diplomierte Philosophin, systemisch-l\u00f6sungsorientierte Coachin, professionelle Sprecherin und mehr.","og_url":"https:\/\/www.marietrappl.com\/en\/ueber-mich\/","og_site_name":"Marie Trappl","article_modified_time":"2023-12-15T09:52:31+00:00","og_image":[{"url":"http:\/\/marietrappl.com\/wp-content\/uploads\/2021\/09\/Ueber_Marie_Trappl_portrait.jpeg","type":"","width":"","height":""}],"twitter_card":"summary_large_image","twitter_misc":{"Estimated reading time":"2 minutes"},"schema":{"@context":"https:\/\/schema.org","@graph":[{"@type":"WebPage","@id":"https:\/\/www.marietrappl.com\/ueber-mich\/","url":"https:\/\/www.marietrappl.com\/ueber-mich\/","name":"\u00dcber mich - Marie Trappl","isPartOf":{"@id":"https:\/\/www.marietrappl.com\/#website"},"primaryImageOfPage":{"@id":"https:\/\/www.marietrappl.com\/ueber-mich\/#primaryimage"},"image":{"@id":"https:\/\/www.marietrappl.com\/ueber-mich\/#primaryimage"},"thumbnailUrl":"http:\/\/marietrappl.com\/wp-content\/uploads\/2021\/09\/Ueber_Marie_Trappl_portrait.jpeg","datePublished":"2021-06-29T13:01:24+00:00","dateModified":"2023-12-15T09:52:31+00:00","description":"Diplomierte Philosophin, systemisch-l\u00f6sungsorientierte Coachin, professionelle Sprecherin und mehr.","breadcrumb":{"@id":"https:\/\/www.marietrappl.com\/ueber-mich\/#breadcrumb"},"inLanguage":"en-GB","potentialAction":[{"@type":"ReadAction","target":["https:\/\/www.marietrappl.com\/ueber-mich\/"]}]},{"@type":"ImageObject","inLanguage":"en-GB","@id":"https:\/\/www.marietrappl.com\/ueber-mich\/#primaryimage","url":"http:\/\/marietrappl.com\/wp-content\/uploads\/2021\/09\/Ueber_Marie_Trappl_portrait.jpeg","contentUrl":"http:\/\/marietrappl.com\/wp-content\/uploads\/2021\/09\/Ueber_Marie_Trappl_portrait.jpeg"},{"@type":"BreadcrumbList","@id":"https:\/\/www.marietrappl.com\/ueber-mich\/#breadcrumb","itemListElement":[{"@type":"ListItem","position":1,"name":"Home","item":"https:\/\/www.marietrappl.com\/"},{"@type":"ListItem","position":2,"name":"\u00dcber mich"}]},{"@type":"WebSite","@id":"https:\/\/www.marietrappl.com\/#website","url":"https:\/\/www.marietrappl.com\/","name":"Marie Trappl","description":"Beratung | Coaching | Training","publisher":{"@id":"https:\/\/www.marietrappl.com\/#\/schema\/person\/2d7fa98f004bd70d95c6191ca2c30b8e"},"potentialAction":[{"@type":"SearchAction","target":{"@type":"EntryPoint","urlTemplate":"https:\/\/www.marietrappl.com\/?s={search_term_string}"},"query-input":{"@type":"PropertyValueSpecification","valueRequired":true,"valueName":"search_term_string"}}],"inLanguage":"en-GB"},{"@type":["Person","Organization"],"@id":"https:\/\/www.marietrappl.com\/#\/schema\/person\/2d7fa98f004bd70d95c6191ca2c30b8e","name":"Marie","image":{"@type":"ImageObject","inLanguage":"en-GB","@id":"https:\/\/www.marietrappl.com\/wp-content\/uploads\/2021\/06\/MT_Logo_Long_DE_RGB.png","url":"https:\/\/www.marietrappl.com\/wp-content\/uploads\/2021\/06\/MT_Logo_Long_DE_RGB.png","contentUrl":"https:\/\/www.marietrappl.com\/wp-content\/uploads\/2021\/06\/MT_Logo_Long_DE_RGB.png","width":1338,"height":210,"caption":"Marie"},"logo":{"@id":"https:\/\/www.marietrappl.com\/wp-content\/uploads\/2021\/06\/MT_Logo_Long_DE_RGB.png"}}]}},"_links":{"self":[{"href":"https:\/\/www.marietrappl.com\/en\/wp-json\/wp\/v2\/pages\/25644","targetHints":{"allow":["GET"]}}],"collection":[{"href":"https:\/\/www.marietrappl.com\/en\/wp-json\/wp\/v2\/pages"}],"about":[{"href":"https:\/\/www.marietrappl.com\/en\/wp-json\/wp\/v2\/types\/page"}],"author":[{"embeddable":true,"href":"https:\/\/www.marietrappl.com\/en\/wp-json\/wp\/v2\/users\/1"}],"replies":[{"embeddable":true,"href":"https:\/\/www.marietrappl.com\/en\/wp-json\/wp\/v2\/comments?post=25644"}],"version-history":[{"count":18,"href":"https:\/\/www.marietrappl.com\/en\/wp-json\/wp\/v2\/pages\/25644\/revisions"}],"predecessor-version":[{"id":26121,"href":"https:\/\/www.marietrappl.com\/en\/wp-json\/wp\/v2\/pages\/25644\/revisions\/26121"}],"wp:attachment":[{"href":"https:\/\/www.marietrappl.com\/en\/wp-json\/wp\/v2\/media?parent=25644"}],"curies":[{"name":"wp","href":"https:\/\/api.w.org\/{rel}","templated":true}]}}