{"id":25752,"date":"2021-07-01T09:41:38","date_gmt":"2021-07-01T07:41:38","guid":{"rendered":"https:\/\/marietrappl.staging.raidberry.com\/?page_id=25752"},"modified":"2023-12-15T10:50:29","modified_gmt":"2023-12-15T09:50:29","slug":"training","status":"publish","type":"page","link":"https:\/\/www.marietrappl.com\/en\/training\/","title":{"rendered":"Training"},"content":{"rendered":"<h2>Training<\/h2>\t\t\t\n\t<p>Individual, team and group training with a focus on confidence and presence when speaking in front of others, job interview preparation, energy management, as well as effective communication<\/p>\n<h4>\n\t\tSeminars and workshops\n\t<\/h4>\n\t<ul>\n<li>Starting at 60 minutes<\/li>\n<li>Daily and weekend workshops<\/li>\n<li>Semester classes<\/li>\n<li>On-site or online<\/li>\n<\/ul>\n\t\t\t\t<img decoding=\"async\" src=\"https:\/\/www.marietrappl.com\/wp-content\/uploads\/2023\/02\/Workshop-TU.jpg\" alt=\"Workshop TU\" title=\"Workshop TU\" itemprop=\"image\"  \/>\n\t<p>Compendium of current workshops (customizable):<\/p>\n<h4>\n\t\tPresenting authentically and at ease\n\t<\/h4>\n<h5>\n\t\tPart I Focus Speaking\n\t<\/h5>\n\t<p>Most people don't speak in their appropriate voice range and thus strain themselves unnecessarily when speaking. In addition, very few people know how to control their breathing and quickly lose their breath when speaking. This often increases nervousness before and during presentations or speaking in front of an audience.<\/p>\n<p>This practice-oriented workshop therefore focuses on strengthening breathing and voice exercises as well as body work for authentic and convincing speaking without too much effort. Participants practice controlling their vocal expression and using it in a way that is beneficial to them. They will not only learn breathing and voice techniques, but also practical exercises for everyday life. The focus is on breathing consciously, finding your authentic voice, posture and charisma. You will learn the most important rules of pronunciation and how to coordinate your voice and manner of speaking. Speaking accurately improves rhythm and accentuation. This will have a lasting effect on the way you speak.<br \/>For everyone who wants to strengthen their vocal expression, articulate on point and remain confident and relaxed in any speaking situation. If you know how to use your voice, you will automatically gain more self-confidence and presence.<\/p>\n<h4>\n\t\tSpeaking with charisma\n\t<\/h4>\n<h5>\n\t\tTeil II Schwerpunkt Sprechen &#8211; auch individuell buchbar\n\t<\/h5>\n\t<p>Am I communicating what I intend to? This question is at the forefront of the speaking workshop. The practical focus is on presentation oneself with ease through rhetoric and storytelling.<br \/>Communication is also about self-presentation. Only when speakers have gained our trust are we ready to follow them into their world of thought. Charismatic speakers are remembered for their captivating stories and memorable images, while radiating effortlessness and competence.<\/p>\n<p>Appearance and rhetoric are evaluated from the first second. Those who are only concerned with their own stage fright will irritate the audience.<br \/>Techniques are practiced to get a grip on the  nervousness and to strengthen expression, as well as speaking variety, body language, articulation and individual verbal expression.<br \/>Wie erzeugt man Bilder in den K\u00f6pfen der Zuh\u00f6rerinnen und Zuh\u00f6rer? Wie baut man Pausen effektvoll und dennoch authentisch ein? Wie kr\u00e4ftigt man Souver\u00e4nit\u00e4t und F\u00e4higkeit zur Improvisation? All dies wird im Workshop erarbeitet und in Einzelpr\u00e4sentationen vor der Gruppe erprobt (selbstverst\u00e4ndlich freiwillig). Dies dient als \u00dcbung, um in \u201eStress-Situationen&#8220; auf das Gelernte zur\u00fcckgreifen zu k\u00f6nnen und so entspannt, ruhig und doch lebendig und voller Leidenschaft zu sprechen.<\/p>\n<h4>\n\t\tPresenting in English (for German speakers)\n\t<\/h4>\n\t<p>Workshop for participants with a good command of English who need to present in English and would like to develop more confidence doing it. The workshop will be held in English and German.<\/p>\n<p>Giving an excellent presentation is difficult enough when it is in your mother tongue, let alone when done in a different language altogether. With the steadily rising demand for excellent English skills in the workplace comes the aptitude to give a presentation in English as well. The ability to give a dynamic, strong presentation in English is a must for obtaining higher positions in business. This hands-on workshop is designed for non-native speakers and will provide you with some of the key language used to build a framework for any presentation in English. Participants will put their learnings to use and will get feedback on accomplishments and improvements.<br \/>In this workshop, you will<\/p>\n\t<ul> \t\n<li>learn how to introduce yourself with confidence and clarity,<\/li>\n\n<li>get tips and tricks on how to get to the point in Business English,<\/li>\n\n<li>gain a better understanding of how to use the English language to make yourself more clearly understood,<\/li>\n\n<li>improve pronunciation,<\/li>\n\n<li>practice thinking on your feet in English,<\/li>\n\n<li>become more comfortable in a bilingual environment,<\/li>\n\n<li>continually present in front of the group and get honest and appreciative feedback.<\/li>\n<\/ul>\n<h4>\n\t\tAdditional workshops at academic institutions with Lukas Bischof Hochschulberatung\n\t<\/h4>\n\t<p><a href=\"http:\/\/www.lukasbischof.eu\/marie-trappl\">www.lukasbischof.eu\/marie-trappl<\/a><\/p>","protected":false},"excerpt":{"rendered":"<p>Training Einzel-, Team- und Gruppentraining mit Fokus auf Pr\u00e4sentationsoptimierung durch Atem, Stimme und Sprechtechnik, Bewerbungsvorbereitung, Zeit- und Selbstmanagement sowie Kommunikation. Seminare und Workshops Einheiten ab 60 Minuten Tages- und Wochenendseminare Semesterlehrg\u00e4nge In Pr\u00e4senz oder online Auszug aus den aktuellen Workshops (individualisierbar): Pr\u00e4senz durch Atem und Stimme Teil I Schwerpunkt Sprechen Die meisten Menschen sprechen nicht &hellip;<\/p>\n<p class=\"read-more\"> <a class=\"\" href=\"https:\/\/www.marietrappl.com\/en\/training\/\"> <span class=\"screen-reader-text\">Training<\/span> Read More &raquo;<\/a><\/p>","protected":false},"author":1,"featured_media":0,"parent":0,"menu_order":0,"comment_status":"closed","ping_status":"closed","template":"","meta":{"site-sidebar-layout":"no-sidebar","site-content-layout":"page-builder","ast-global-header-display":"","ast-main-header-display":"","ast-hfb-above-header-display":"","ast-hfb-below-header-display":"","ast-hfb-mobile-header-display":"","site-post-title":"disabled","ast-breadcrumbs-content":"","ast-featured-img":"disabled","footer-sml-layout":"","theme-transparent-header-meta":"enabled","adv-header-id-meta":"","stick-header-meta":"","header-above-stick-meta":"","header-main-stick-meta":"","header-below-stick-meta":"","footnotes":""},"class_list":["post-25752","page","type-page","status-publish","hentry"],"yoast_head":"<!-- This site is optimized with the Yoast SEO plugin v27.4 - https:\/\/yoast.com\/product\/yoast-seo-wordpress\/ -->\n<title>Training - Marie Trappl<\/title>\n<meta name=\"description\" content=\"Einzel-, Team- und Gruppentraining mit Fokus auf Sprechtechnik, Stimmbildung und mehr.\" \/>\n<meta name=\"robots\" content=\"index, follow, max-snippet:-1, max-image-preview:large, max-video-preview:-1\" \/>\n<link rel=\"canonical\" href=\"https:\/\/www.marietrappl.com\/en\/training\/\" \/>\n<meta property=\"og:locale\" content=\"en_GB\" \/>\n<meta property=\"og:type\" content=\"article\" \/>\n<meta property=\"og:title\" content=\"Training - Marie Trappl\" \/>\n<meta property=\"og:description\" content=\"Einzel-, Team- und Gruppentraining mit Fokus auf Sprechtechnik, Stimmbildung und mehr.\" \/>\n<meta property=\"og:url\" content=\"https:\/\/www.marietrappl.com\/en\/training\/\" \/>\n<meta property=\"og:site_name\" content=\"Marie Trappl\" \/>\n<meta property=\"article:modified_time\" content=\"2023-12-15T09:50:29+00:00\" \/>\n<meta property=\"og:image\" content=\"https:\/\/www.marietrappl.com\/wp-content\/uploads\/2023\/02\/Workshop-TU.jpg\" \/>\n<meta name=\"twitter:card\" content=\"summary_large_image\" \/>\n<meta name=\"twitter:label1\" content=\"Estimated reading time\" \/>\n\t<meta name=\"twitter:data1\" content=\"4 minutes\" \/>\n<script type=\"application\/ld+json\" class=\"yoast-schema-graph\">{\"@context\":\"https:\\\/\\\/schema.org\",\"@graph\":[{\"@type\":\"WebPage\",\"@id\":\"https:\\\/\\\/www.marietrappl.com\\\/training\\\/\",\"url\":\"https:\\\/\\\/www.marietrappl.com\\\/training\\\/\",\"name\":\"Training - Marie Trappl\",\"isPartOf\":{\"@id\":\"https:\\\/\\\/www.marietrappl.com\\\/#website\"},\"primaryImageOfPage\":{\"@id\":\"https:\\\/\\\/www.marietrappl.com\\\/training\\\/#primaryimage\"},\"image\":{\"@id\":\"https:\\\/\\\/www.marietrappl.com\\\/training\\\/#primaryimage\"},\"thumbnailUrl\":\"https:\\\/\\\/www.marietrappl.com\\\/wp-content\\\/uploads\\\/2023\\\/02\\\/Workshop-TU.jpg\",\"datePublished\":\"2021-07-01T07:41:38+00:00\",\"dateModified\":\"2023-12-15T09:50:29+00:00\",\"description\":\"Einzel-, Team- und Gruppentraining mit Fokus auf Sprechtechnik, Stimmbildung und mehr.\",\"breadcrumb\":{\"@id\":\"https:\\\/\\\/www.marietrappl.com\\\/training\\\/#breadcrumb\"},\"inLanguage\":\"en-GB\",\"potentialAction\":[{\"@type\":\"ReadAction\",\"target\":[\"https:\\\/\\\/www.marietrappl.com\\\/training\\\/\"]}]},{\"@type\":\"ImageObject\",\"inLanguage\":\"en-GB\",\"@id\":\"https:\\\/\\\/www.marietrappl.com\\\/training\\\/#primaryimage\",\"url\":\"https:\\\/\\\/www.marietrappl.com\\\/wp-content\\\/uploads\\\/2023\\\/02\\\/Workshop-TU.jpg\",\"contentUrl\":\"https:\\\/\\\/www.marietrappl.com\\\/wp-content\\\/uploads\\\/2023\\\/02\\\/Workshop-TU.jpg\"},{\"@type\":\"BreadcrumbList\",\"@id\":\"https:\\\/\\\/www.marietrappl.com\\\/training\\\/#breadcrumb\",\"itemListElement\":[{\"@type\":\"ListItem\",\"position\":1,\"name\":\"Home\",\"item\":\"https:\\\/\\\/www.marietrappl.com\\\/\"},{\"@type\":\"ListItem\",\"position\":2,\"name\":\"Training\"}]},{\"@type\":\"WebSite\",\"@id\":\"https:\\\/\\\/www.marietrappl.com\\\/#website\",\"url\":\"https:\\\/\\\/www.marietrappl.com\\\/\",\"name\":\"Marie Trappl\",\"description\":\"Beratung | Coaching | Training\",\"publisher\":{\"@id\":\"https:\\\/\\\/www.marietrappl.com\\\/#\\\/schema\\\/person\\\/2d7fa98f004bd70d95c6191ca2c30b8e\"},\"potentialAction\":[{\"@type\":\"SearchAction\",\"target\":{\"@type\":\"EntryPoint\",\"urlTemplate\":\"https:\\\/\\\/www.marietrappl.com\\\/?s={search_term_string}\"},\"query-input\":{\"@type\":\"PropertyValueSpecification\",\"valueRequired\":true,\"valueName\":\"search_term_string\"}}],\"inLanguage\":\"en-GB\"},{\"@type\":[\"Person\",\"Organization\"],\"@id\":\"https:\\\/\\\/www.marietrappl.com\\\/#\\\/schema\\\/person\\\/2d7fa98f004bd70d95c6191ca2c30b8e\",\"name\":\"Marie\",\"image\":{\"@type\":\"ImageObject\",\"inLanguage\":\"en-GB\",\"@id\":\"https:\\\/\\\/www.marietrappl.com\\\/wp-content\\\/uploads\\\/2021\\\/06\\\/MT_Logo_Long_DE_RGB.png\",\"url\":\"https:\\\/\\\/www.marietrappl.com\\\/wp-content\\\/uploads\\\/2021\\\/06\\\/MT_Logo_Long_DE_RGB.png\",\"contentUrl\":\"https:\\\/\\\/www.marietrappl.com\\\/wp-content\\\/uploads\\\/2021\\\/06\\\/MT_Logo_Long_DE_RGB.png\",\"width\":1338,\"height\":210,\"caption\":\"Marie\"},\"logo\":{\"@id\":\"https:\\\/\\\/www.marietrappl.com\\\/wp-content\\\/uploads\\\/2021\\\/06\\\/MT_Logo_Long_DE_RGB.png\"}}]}<\/script>\n<!-- \/ Yoast SEO plugin. -->","yoast_head_json":{"title":"Training - Marie Trappl","description":"Einzel-, Team- und Gruppentraining mit Fokus auf Sprechtechnik, Stimmbildung und mehr.","robots":{"index":"index","follow":"follow","max-snippet":"max-snippet:-1","max-image-preview":"max-image-preview:large","max-video-preview":"max-video-preview:-1"},"canonical":"https:\/\/www.marietrappl.com\/en\/training\/","og_locale":"en_GB","og_type":"article","og_title":"Training - Marie Trappl","og_description":"Einzel-, Team- und Gruppentraining mit Fokus auf Sprechtechnik, Stimmbildung und mehr.","og_url":"https:\/\/www.marietrappl.com\/en\/training\/","og_site_name":"Marie Trappl","article_modified_time":"2023-12-15T09:50:29+00:00","og_image":[{"url":"https:\/\/www.marietrappl.com\/wp-content\/uploads\/2023\/02\/Workshop-TU.jpg","type":"","width":"","height":""}],"twitter_card":"summary_large_image","twitter_misc":{"Estimated reading time":"4 minutes"},"schema":{"@context":"https:\/\/schema.org","@graph":[{"@type":"WebPage","@id":"https:\/\/www.marietrappl.com\/training\/","url":"https:\/\/www.marietrappl.com\/training\/","name":"Training - Marie Trappl","isPartOf":{"@id":"https:\/\/www.marietrappl.com\/#website"},"primaryImageOfPage":{"@id":"https:\/\/www.marietrappl.com\/training\/#primaryimage"},"image":{"@id":"https:\/\/www.marietrappl.com\/training\/#primaryimage"},"thumbnailUrl":"https:\/\/www.marietrappl.com\/wp-content\/uploads\/2023\/02\/Workshop-TU.jpg","datePublished":"2021-07-01T07:41:38+00:00","dateModified":"2023-12-15T09:50:29+00:00","description":"Einzel-, Team- und Gruppentraining mit Fokus auf Sprechtechnik, Stimmbildung und mehr.","breadcrumb":{"@id":"https:\/\/www.marietrappl.com\/training\/#breadcrumb"},"inLanguage":"en-GB","potentialAction":[{"@type":"ReadAction","target":["https:\/\/www.marietrappl.com\/training\/"]}]},{"@type":"ImageObject","inLanguage":"en-GB","@id":"https:\/\/www.marietrappl.com\/training\/#primaryimage","url":"https:\/\/www.marietrappl.com\/wp-content\/uploads\/2023\/02\/Workshop-TU.jpg","contentUrl":"https:\/\/www.marietrappl.com\/wp-content\/uploads\/2023\/02\/Workshop-TU.jpg"},{"@type":"BreadcrumbList","@id":"https:\/\/www.marietrappl.com\/training\/#breadcrumb","itemListElement":[{"@type":"ListItem","position":1,"name":"Home","item":"https:\/\/www.marietrappl.com\/"},{"@type":"ListItem","position":2,"name":"Training"}]},{"@type":"WebSite","@id":"https:\/\/www.marietrappl.com\/#website","url":"https:\/\/www.marietrappl.com\/","name":"Marie Trappl","description":"Beratung | Coaching | Training","publisher":{"@id":"https:\/\/www.marietrappl.com\/#\/schema\/person\/2d7fa98f004bd70d95c6191ca2c30b8e"},"potentialAction":[{"@type":"SearchAction","target":{"@type":"EntryPoint","urlTemplate":"https:\/\/www.marietrappl.com\/?s={search_term_string}"},"query-input":{"@type":"PropertyValueSpecification","valueRequired":true,"valueName":"search_term_string"}}],"inLanguage":"en-GB"},{"@type":["Person","Organization"],"@id":"https:\/\/www.marietrappl.com\/#\/schema\/person\/2d7fa98f004bd70d95c6191ca2c30b8e","name":"Marie","image":{"@type":"ImageObject","inLanguage":"en-GB","@id":"https:\/\/www.marietrappl.com\/wp-content\/uploads\/2021\/06\/MT_Logo_Long_DE_RGB.png","url":"https:\/\/www.marietrappl.com\/wp-content\/uploads\/2021\/06\/MT_Logo_Long_DE_RGB.png","contentUrl":"https:\/\/www.marietrappl.com\/wp-content\/uploads\/2021\/06\/MT_Logo_Long_DE_RGB.png","width":1338,"height":210,"caption":"Marie"},"logo":{"@id":"https:\/\/www.marietrappl.com\/wp-content\/uploads\/2021\/06\/MT_Logo_Long_DE_RGB.png"}}]}},"_links":{"self":[{"href":"https:\/\/www.marietrappl.com\/en\/wp-json\/wp\/v2\/pages\/25752","targetHints":{"allow":["GET"]}}],"collection":[{"href":"https:\/\/www.marietrappl.com\/en\/wp-json\/wp\/v2\/pages"}],"about":[{"href":"https:\/\/www.marietrappl.com\/en\/wp-json\/wp\/v2\/types\/page"}],"author":[{"embeddable":true,"href":"https:\/\/www.marietrappl.com\/en\/wp-json\/wp\/v2\/users\/1"}],"replies":[{"embeddable":true,"href":"https:\/\/www.marietrappl.com\/en\/wp-json\/wp\/v2\/comments?post=25752"}],"version-history":[{"count":13,"href":"https:\/\/www.marietrappl.com\/en\/wp-json\/wp\/v2\/pages\/25752\/revisions"}],"predecessor-version":[{"id":26120,"href":"https:\/\/www.marietrappl.com\/en\/wp-json\/wp\/v2\/pages\/25752\/revisions\/26120"}],"wp:attachment":[{"href":"https:\/\/www.marietrappl.com\/en\/wp-json\/wp\/v2\/media?parent=25752"}],"curies":[{"name":"wp","href":"https:\/\/api.w.org\/{rel}","templated":true}]}}